{"id":5710,"date":"2025-05-21T22:04:17","date_gmt":"2025-05-21T20:04:17","guid":{"rendered":"https:\/\/erlebnis-weihnachtsmarkt.de\/?page_id=5710"},"modified":"2026-04-08T11:33:09","modified_gmt":"2026-04-08T09:33:09","slug":"sonderveranstaltungen","status":"publish","type":"page","link":"https:\/\/erlebnis-weihnachtsmarkt.de\/en\/sonderveranstaltungen\/","title":{"rendered":"Sonderveranstaltungen"},"content":{"rendered":"<div class=\"wpb-content-wrapper\"><section data-vc-full-width=\"true\" data-vc-full-width-init=\"false\" data-vc-stretch-content=\"true\" class=\"vc_section teaser400 bg-blau vc_section-o-content-bottom vc_section-flex\"><div class=\"vc_row wpb_row vc_row-fluid vc_row-o-content-middle vc_row-flex bbhd-overflow\"><div class=\"wpb_column vc_column_container vc_col-sm-12\"><div class=\"vc_column-inner\"><div class=\"wpb_wrapper\"><div class=\"vc_empty_space\"   style=\"height: 32px\"><span class=\"vc_empty_space_inner\"><\/span><\/div><h4 style=\"text-align: center\" class=\"vc_custom_heading vc_do_custom_heading weiss claim wpb_animate_when_almost_visible wpb_fadeInUp fadeInUp\" >Sonderveranstaltungen<\/h4><\/div><\/div><\/div><\/div><\/section><div class=\"vc_row-full-width vc_clearfix\"><\/div><section id=\"1\" data-vc-full-width=\"true\" data-vc-full-width-init=\"false\" class=\"vc_section bg-weiss vc_row-o-full-height\"><div data-vc-full-width=\"true\" data-vc-full-width-init=\"false\" class=\"vc_row wpb_row vc_row-fluid background50 image-halb-re vc_row-o-full-height vc_row-o-columns-middle vc_row-o-equal-height vc_row-o-content-bottom vc_row-flex bbhd-overflow\"><div class=\"wpb_column vc_column_container vc_col-sm-12\"><div class=\"vc_column-inner\"><div class=\"wpb_wrapper\"><h3 style=\"text-align: left\" class=\"vc_custom_heading vc_do_custom_heading claim gold links\" >Hirtenadvent<\/h3><div class=\"vc_row wpb_row vc_inner vc_row-fluid\"><div class=\"wpb_column vc_column_container vc_col-sm-12 vc_col-lg-6 vc_col-md-6\"><div class=\"vc_column-inner\"><div class=\"wpb_wrapper\">\n\t<div class=\"wpb_text_column wpb_content_element schwarz\" >\n\t\t<div class=\"wpb_wrapper\">\n\t\t\t<p><strong>Magische Momente zur Weihnachtszeit<\/strong><\/p>\n<p>Wenn Knaben singen, Hirten fl\u00fcstern und die Lichter erhellen\u2026<br \/>\n\u2026 dann ist im Ostrachtal Advent,<br \/>\nein Licht, wie`s einst im Herzen war.<\/p>\n<p>Mit zauberhaften Hirtengeschichten,<br \/>\nleisen T\u00f6nen und viel Gef\u00fchl<br \/>\nentf\u00fchrt Sie Brigitte Weber aus ihrem neuen Weihnachtsbuch<br \/>\nin die Welt der sch\u00f6nsten Zeit.<\/p>\n<ul>\n<li>M\u00fcnchener Knabenchor (Leitung Ralf Ludewig)<\/li>\n<li>Ostrachtaler Hirtenkinder (Leitung Christiane Thamm)<\/li>\n<li>Gro\u00dfartige Musiker<br \/>\nFlorian Karg I Andreas Braunsch I Benedikt Berktold I Konstantin Mulki<\/li>\n<li>Lesung Brigitte Weber<br \/>\n(Librettistin und Regieleitung der bekannten Weihnachtsoper Stille Nacht)<\/li>\n<\/ul>\n\n\t\t<\/div>\n\t<\/div>\n\n\t<div class=\"wpb_text_column wpb_content_element schwarz\" >\n\t\t<div class=\"wpb_wrapper\">\n\t\t\t<ul>\n<li>Hirtenadvent &#8211; Ticket \/ 12. Dezember 2026 \/ 14:00 Uhr<br \/>\n<strong><strong><br \/>\nEintrittspreis:<\/strong><\/strong><\/p>\n<div>Kategorie A: 48,- \u20ac<\/div>\n<div>Kategorie B: 42,- \u20ac<\/div>\n<div>Kategorie C: 36,- \u20ac<br \/>\nKategorie D: 22,- \u20ac<\/div>\n<div><em>Der Eintritt zum Erlebnis-Weihnachtsmarkt ist inklusive!<\/em><\/div>\n<\/li>\n<\/ul>\n\n\t\t<\/div>\n\t<\/div>\n<div class=\"vc_btn3-container vc_btn3-left vc_do_btn\" ><a class=\"vc_general vc_btn3 vc_btn3-size-lg vc_btn3-shape-square vc_btn3-style-flat vc_btn3-color-orange\" href=\"https:\/\/erlebnis-weihnachtsmarkt-tickets.de\/index.php\/frontend\/booking\/event?id=1\" title=\"Neuer Tab \u00f6ffnet sich zum Ticketverkauf\" target=\"_blank\">ZUM TICKETVERKAUF<\/a><\/div><\/div><\/div><\/div><\/div><\/div><\/div><\/div><\/div><div class=\"vc_row-full-width vc_clearfix\"><\/div><!-- Row Backgrounds --><div class=\"upb_bg_img\" data-ultimate-bg=\"url(https:\/\/erlebnis-weihnachtsmarkt.de\/wp-content\/uploads\/2025\/05\/2025_Hirtenadvent-scaled.jpg)\" data-image-id=\"id^5766|url^https:\/\/erlebnis-weihnachtsmarkt.de\/wp-content\/uploads\/2025\/05\/2025_Hirtenadvent-scaled.jpg|caption^null|alt^null|title^null|description^null\" data-ultimate-bg-style=\"vcpb-default\" data-bg-img-repeat=\"no-repeat\" data-bg-img-size=\"initial\" data-bg-img-position=\"center right\" data-parallx_sense=\"30\" data-bg-override=\"0\" data-bg_img_attach=\"scroll\" data-upb-overlay-color=\"\" data-upb-bg-animation=\"\" data-fadeout=\"\" data-bg-animation=\"left-animation\" data-bg-animation-type=\"h\" data-animation-repeat=\"repeat\" data-fadeout-percentage=\"30\" data-parallax-content=\"\" data-parallax-content-sense=\"30\" data-row-effect-mobile-disable=\"true\" data-img-parallax-mobile-disable=\"true\" data-rtl=\"false\"  data-custom-vc-row=\"\"  data-vc=\"7.6\"  data-is_old_vc=\"\"  data-theme-support=\"\"   data-overlay=\"false\" data-overlay-color=\"\" data-overlay-pattern=\"\" data-overlay-pattern-opacity=\"\" data-overlay-pattern-size=\"\"    ><\/div><\/section><div class=\"vc_row-full-width vc_clearfix\"><\/div><section id=\"3\" data-vc-full-width=\"true\" data-vc-full-width-init=\"false\" class=\"vc_section bg-weiss vc_row-o-full-height\"><div data-vc-full-width=\"true\" data-vc-full-width-init=\"false\" class=\"vc_row wpb_row vc_row-fluid background50 image-halb-re vc_row-o-full-height vc_row-o-columns-middle vc_row-o-equal-height vc_row-o-content-bottom vc_row-flex bbhd-overflow\"><div class=\"wpb_column vc_column_container vc_col-sm-12\"><div class=\"vc_column-inner\"><div class=\"wpb_wrapper\"><h3 style=\"text-align: left\" class=\"vc_custom_heading vc_do_custom_heading claim gold links\" >Das Wunder von Bethlehem<\/h3><div class=\"vc_row wpb_row vc_inner vc_row-fluid\"><div class=\"wpb_column vc_column_container vc_col-sm-12 vc_col-lg-6 vc_col-md-6\"><div class=\"vc_column-inner\"><div class=\"wpb_wrapper\">\n\t<div class=\"wpb_text_column wpb_content_element schwarz\" >\n\t\t<div class=\"wpb_wrapper\">\n\t\t\t<p><strong>\u00a0Erleben Sie mit uns die ber\u00fchmteste Liebesgeschichte der Welt:<\/strong><\/p>\n<p>\u201eDas Wunder von Bethlehem\u201c<\/p>\n<p>Das sch\u00f6nste Weihnachtsm\u00e4rchen der Welt. Musikalisch inszeniert, das alle Sinne ber\u00fchrt und sie in eine Welt der Liebe und des Verzeihens entf\u00fchrt.<br \/>\nEs erwarten Sie 100 Minuten voller Spannung, Emotionen und Hoffnung.<\/p>\n\n\t\t<\/div>\n\t<\/div>\n\n\t<div class=\"wpb_text_column wpb_content_element schwarz\" >\n\t\t<div class=\"wpb_wrapper\">\n\t\t\t<p><strong>Termine<\/strong><\/p>\n<p><strong>Premiere:<\/strong> 27.11.2026 \/ 19:30 Uhr<br \/>\n<strong><strong>Eintrittspreis:<\/strong><\/strong><\/p>\n<div>Kategorie A: 62,- \u20ac<\/div>\n<div>Kategorie B: 59,- \u20ac<\/div>\n<div>Kategorie C: 56,- \u20ac<br \/>\nKategorie D: 30,- \u20ac<\/div>\n<div><em>Der Eintritt zum Erlebnis-Weihnachtsmarkt ist inklusive!<\/em><\/div>\n\n\t\t<\/div>\n\t<\/div>\n\n\t<div class=\"wpb_text_column wpb_content_element schwarz\" >\n\t\t<div class=\"wpb_wrapper\">\n\t\t\t<p><strong>Termine<\/strong><\/p>\n<p>Sa. 28.11.2026 \/ 15:00 + 18:00 Uhr<br \/>\nSo. 29.11.2026 \/ 15:00 Uhr<\/p>\n<p>Sa. 05.12.2026 \/ 15:00 + 18:00 Uhr<br \/>\nSo. 06.12.2026 \/ 15:00 Uhr<\/p>\n<p><strong><strong>Eintrittspreis:<\/strong><\/strong><\/p>\n<div>Kategorie A: 62,- \u20ac<\/div>\n<div>Kategorie B: 59,- \u20ac<\/div>\n<div>Kategorie C: 56,- \u20ac<br \/>\nKategorie D: 30,- \u20ac<\/div>\n<div><em>Der Eintritt zum Erlebnis-Weihnachtsmarkt ist inklusive!<\/em><\/div>\n\n\t\t<\/div>\n\t<\/div>\n<div class=\"vc_btn3-container vc_btn3-left vc_do_btn\" ><a class=\"vc_general vc_btn3 vc_btn3-size-lg vc_btn3-shape-square vc_btn3-style-flat vc_btn3-color-orange\" href=\"https:\/\/erlebnis-weihnachtsmarkt-tickets.de\/index.php\/frontend\/booking\/event?id=10\" title=\"Neuer Tab \u00f6ffnet sich zum Ticketverkauf\" target=\"_blank\">ZUM TICKETVERKAUF<\/a><\/div><\/div><\/div><\/div><\/div><\/div><\/div><\/div><\/div><div class=\"vc_row-full-width vc_clearfix\"><\/div><!-- Row Backgrounds --><div class=\"upb_bg_img\" data-ultimate-bg=\"url(https:\/\/erlebnis-weihnachtsmarkt.de\/wp-content\/uploads\/2025\/12\/das_wunder_von_bethlehem_1200x1200.jpg)\" data-image-id=\"id^5975|url^https:\/\/erlebnis-weihnachtsmarkt.de\/wp-content\/uploads\/2025\/12\/das_wunder_von_bethlehem_1200x1200.jpg|caption^null|alt^null|title^das_wunder_von_bethlehem_1200x1200|description^null\" data-ultimate-bg-style=\"vcpb-default\" data-bg-img-repeat=\"no-repeat\" data-bg-img-size=\"initial\" data-bg-img-position=\"center right\" data-parallx_sense=\"30\" data-bg-override=\"0\" data-bg_img_attach=\"scroll\" data-upb-overlay-color=\"\" data-upb-bg-animation=\"\" data-fadeout=\"\" data-bg-animation=\"left-animation\" data-bg-animation-type=\"h\" data-animation-repeat=\"repeat\" data-fadeout-percentage=\"30\" data-parallax-content=\"\" data-parallax-content-sense=\"30\" data-row-effect-mobile-disable=\"true\" data-img-parallax-mobile-disable=\"true\" data-rtl=\"false\"  data-custom-vc-row=\"\"  data-vc=\"7.6\"  data-is_old_vc=\"\"  data-theme-support=\"\"   data-overlay=\"false\" data-overlay-color=\"\" data-overlay-pattern=\"\" data-overlay-pattern-opacity=\"\" data-overlay-pattern-size=\"\"    ><\/div><\/section><div class=\"vc_row-full-width vc_clearfix\"><\/div>\n<\/div>","protected":false},"excerpt":{"rendered":"SonderveranstaltungenHirtenadvent Magische Momente zur Weihnachtszeit Wenn Knaben singen, Hirten fl\u00fcstern und die Lichter erhellen\u2026 \u2026 dann ist im Ostrachtal Advent, ein Licht, wie`s einst im Herzen war. Mit zauberhaften Hirtengeschichten, leisen T\u00f6nen und viel Gef\u00fchl entf\u00fchrt Sie Brigitte Weber aus ihrem neuen Weihnachtsbuch in die Welt der sch\u00f6nsten Zeit. M\u00fcnchener Knabenchor (Leitung Ralf Ludewig) Ostrachtaler [...]","protected":false},"author":1,"featured_media":0,"parent":0,"menu_order":0,"comment_status":"closed","ping_status":"closed","template":"","meta":{"_acf_changed":false,"footnotes":""},"class_list":["post-5710","page","type-page","status-publish","hentry"],"acf":[],"yoast_head":"<!-- This site is optimized with the Yoast SEO plugin v22.8 - https:\/\/yoast.com\/wordpress\/plugins\/seo\/ -->\n<title>Sonderveranstaltungen - Erlebnis-Weihnachtsmarkt<\/title>\n<meta name=\"robots\" content=\"index, follow, max-snippet:-1, max-image-preview:large, max-video-preview:-1\" \/>\n<link rel=\"canonical\" href=\"https:\/\/erlebnis-weihnachtsmarkt.de\/en\/sonderveranstaltungen\/\" \/>\n<meta property=\"og:locale\" content=\"en_GB\" \/>\n<meta property=\"og:type\" content=\"article\" \/>\n<meta property=\"og:title\" content=\"Sonderveranstaltungen - Erlebnis-Weihnachtsmarkt\" \/>\n<meta property=\"og:url\" content=\"https:\/\/erlebnis-weihnachtsmarkt.de\/en\/sonderveranstaltungen\/\" \/>\n<meta property=\"og:site_name\" content=\"Erlebnis-Weihnachtsmarkt\" \/>\n<meta property=\"article:modified_time\" content=\"2026-04-08T09:33:09+00:00\" \/>\n<meta name=\"twitter:card\" content=\"summary_large_image\" \/>\n<meta name=\"twitter:label1\" content=\"Estimated reading time\" \/>\n\t<meta name=\"twitter:data1\" content=\"3 minutes\" \/>\n<script type=\"application\/ld+json\" class=\"yoast-schema-graph\">{\"@context\":\"https:\/\/schema.org\",\"@graph\":[{\"@type\":\"WebPage\",\"@id\":\"https:\/\/erlebnis-weihnachtsmarkt.de\/sonderveranstaltungen\/\",\"url\":\"https:\/\/erlebnis-weihnachtsmarkt.de\/sonderveranstaltungen\/\",\"name\":\"Sonderveranstaltungen - Erlebnis-Weihnachtsmarkt\",\"isPartOf\":{\"@id\":\"https:\/\/erlebnis-weihnachtsmarkt.de\/#website\"},\"datePublished\":\"2025-05-21T20:04:17+00:00\",\"dateModified\":\"2026-04-08T09:33:09+00:00\",\"breadcrumb\":{\"@id\":\"https:\/\/erlebnis-weihnachtsmarkt.de\/sonderveranstaltungen\/#breadcrumb\"},\"inLanguage\":\"en-GB\",\"potentialAction\":[{\"@type\":\"ReadAction\",\"target\":[\"https:\/\/erlebnis-weihnachtsmarkt.de\/sonderveranstaltungen\/\"]}]},{\"@type\":\"BreadcrumbList\",\"@id\":\"https:\/\/erlebnis-weihnachtsmarkt.de\/sonderveranstaltungen\/#breadcrumb\",\"itemListElement\":[{\"@type\":\"ListItem\",\"position\":1,\"name\":\"Startseite\",\"item\":\"https:\/\/erlebnis-weihnachtsmarkt.de\/\"},{\"@type\":\"ListItem\",\"position\":2,\"name\":\"Sonderveranstaltungen\"}]},{\"@type\":\"WebSite\",\"@id\":\"https:\/\/erlebnis-weihnachtsmarkt.de\/#website\",\"url\":\"https:\/\/erlebnis-weihnachtsmarkt.de\/\",\"name\":\"Erlebnis-Weihnachtsmarkt\",\"description\":\"Bad Hindelang\",\"potentialAction\":[{\"@type\":\"SearchAction\",\"target\":{\"@type\":\"EntryPoint\",\"urlTemplate\":\"https:\/\/erlebnis-weihnachtsmarkt.de\/?s={search_term_string}\"},\"query-input\":\"required name=search_term_string\"}],\"inLanguage\":\"en-GB\"}]}<\/script>\n<!-- \/ Yoast SEO plugin. -->","yoast_head_json":{"title":"Sonderveranstaltungen - Erlebnis-Weihnachtsmarkt","robots":{"index":"index","follow":"follow","max-snippet":"max-snippet:-1","max-image-preview":"max-image-preview:large","max-video-preview":"max-video-preview:-1"},"canonical":"https:\/\/erlebnis-weihnachtsmarkt.de\/en\/sonderveranstaltungen\/","og_locale":"en_GB","og_type":"article","og_title":"Sonderveranstaltungen - Erlebnis-Weihnachtsmarkt","og_url":"https:\/\/erlebnis-weihnachtsmarkt.de\/en\/sonderveranstaltungen\/","og_site_name":"Erlebnis-Weihnachtsmarkt","article_modified_time":"2026-04-08T09:33:09+00:00","twitter_card":"summary_large_image","twitter_misc":{"Estimated reading time":"3 minutes"},"schema":{"@context":"https:\/\/schema.org","@graph":[{"@type":"WebPage","@id":"https:\/\/erlebnis-weihnachtsmarkt.de\/sonderveranstaltungen\/","url":"https:\/\/erlebnis-weihnachtsmarkt.de\/sonderveranstaltungen\/","name":"Sonderveranstaltungen - Erlebnis-Weihnachtsmarkt","isPartOf":{"@id":"https:\/\/erlebnis-weihnachtsmarkt.de\/#website"},"datePublished":"2025-05-21T20:04:17+00:00","dateModified":"2026-04-08T09:33:09+00:00","breadcrumb":{"@id":"https:\/\/erlebnis-weihnachtsmarkt.de\/sonderveranstaltungen\/#breadcrumb"},"inLanguage":"en-GB","potentialAction":[{"@type":"ReadAction","target":["https:\/\/erlebnis-weihnachtsmarkt.de\/sonderveranstaltungen\/"]}]},{"@type":"BreadcrumbList","@id":"https:\/\/erlebnis-weihnachtsmarkt.de\/sonderveranstaltungen\/#breadcrumb","itemListElement":[{"@type":"ListItem","position":1,"name":"Startseite","item":"https:\/\/erlebnis-weihnachtsmarkt.de\/"},{"@type":"ListItem","position":2,"name":"Sonderveranstaltungen"}]},{"@type":"WebSite","@id":"https:\/\/erlebnis-weihnachtsmarkt.de\/#website","url":"https:\/\/erlebnis-weihnachtsmarkt.de\/","name":"Erlebnis-Weihnachtsmarkt","description":"Bad Hindelang","potentialAction":[{"@type":"SearchAction","target":{"@type":"EntryPoint","urlTemplate":"https:\/\/erlebnis-weihnachtsmarkt.de\/?s={search_term_string}"},"query-input":"required name=search_term_string"}],"inLanguage":"en-GB"}]}},"_links":{"self":[{"href":"https:\/\/erlebnis-weihnachtsmarkt.de\/en\/wp-json\/wp\/v2\/pages\/5710","targetHints":{"allow":["GET"]}}],"collection":[{"href":"https:\/\/erlebnis-weihnachtsmarkt.de\/en\/wp-json\/wp\/v2\/pages"}],"about":[{"href":"https:\/\/erlebnis-weihnachtsmarkt.de\/en\/wp-json\/wp\/v2\/types\/page"}],"author":[{"embeddable":true,"href":"https:\/\/erlebnis-weihnachtsmarkt.de\/en\/wp-json\/wp\/v2\/users\/1"}],"replies":[{"embeddable":true,"href":"https:\/\/erlebnis-weihnachtsmarkt.de\/en\/wp-json\/wp\/v2\/comments?post=5710"}],"version-history":[{"count":54,"href":"https:\/\/erlebnis-weihnachtsmarkt.de\/en\/wp-json\/wp\/v2\/pages\/5710\/revisions"}],"predecessor-version":[{"id":6077,"href":"https:\/\/erlebnis-weihnachtsmarkt.de\/en\/wp-json\/wp\/v2\/pages\/5710\/revisions\/6077"}],"wp:attachment":[{"href":"https:\/\/erlebnis-weihnachtsmarkt.de\/en\/wp-json\/wp\/v2\/media?parent=5710"}],"curies":[{"name":"wp","href":"https:\/\/api.w.org\/{rel}","templated":true}]}}