{"id":4085,"date":"2022-03-04T15:30:48","date_gmt":"2022-03-04T14:30:48","guid":{"rendered":"https:\/\/erlebnis-weihnachtsmarkt.de\/?page_id=4085"},"modified":"2025-07-03T17:04:16","modified_gmt":"2025-07-03T15:04:16","slug":"haeufig-gestellte-fragen","status":"publish","type":"page","link":"https:\/\/erlebnis-weihnachtsmarkt.de\/en\/haeufig-gestellte-fragen\/","title":{"rendered":"Frequently asked questions"},"content":{"rendered":"<div class=\"wpb-content-wrapper\"><section data-vc-full-width=\"true\" data-vc-full-width-temp=\"true\" data-vc-full-width-init=\"false\" class=\"vc_section teaser400 bg-blau vc_section-o-content-bottom vc_section-flex\"><div class=\"vc_row wpb_row vc_row-fluid vc_row-o-content-middle vc_row-flex bbhd-overflow\"><div class=\"wpb_column vc_column_container vc_col-sm-12\"><div class=\"vc_column-inner\"><div class=\"wpb_wrapper\"><h4 style=\"text-align: center\" class=\"vc_custom_heading vc_do_custom_heading weiss claim wpb_animate_when_almost_visible wpb_fadeInUp fadeInUp\" >Frequently asked questions<\/h4><div class=\"vc_empty_space\"   style=\"height: 32px\"><span class=\"vc_empty_space_inner\"><\/span><\/div><\/div><\/div><\/div><\/div><\/section><div class=\"vc_row-full-width vc_clearfix\"><\/div><section data-vc-full-width=\"true\" data-vc-full-width-temp=\"true\" data-vc-full-width-init=\"false\" class=\"vc_section bg-weiss vc_row-o-full-height vc_section-o-content-middle vc_section-flex\"><div data-vc-full-width=\"true\" data-vc-full-width-temp=\"true\" data-vc-full-width-init=\"false\" class=\"vc_row wpb_row vc_row-fluid bbhd-overflow\"><div class=\"wpb_column vc_column_container vc_col-sm-12\"><div class=\"vc_column-inner\"><div class=\"wpb_wrapper\"><div class=\"ult-spacer spacer-6a00b515bab48\" data-id=\"6a00b515bab48\" data-height=\"40\" data-height-mobile=\"40\" data-height-tab=\"40\" data-height-tab-portrait=\"\" data-height-mobile-landscape=\"\" style=\"clear:both;display:block;\"><\/div><div class=\"vc_separator wpb_content_element vc_separator_align_left vc_sep_width_100 vc_sep_pos_align_left vc_sep_color_grey wpb_content_element gold vc_separator-has-text\" ><span class=\"vc_sep_holder vc_sep_holder_l\"><span class=\"vc_sep_line\"><\/span><\/span><h4>The event Christmas market Bad Hindelang<\/h4><span class=\"vc_sep_holder vc_sep_holder_r\"><span class=\"vc_sep_line\"><\/span><\/span>\n<\/div><div class=\"ult-spacer spacer-6a00b515bb83a\" data-id=\"6a00b515bb83a\" data-height=\"20\" data-height-mobile=\"20\" data-height-tab=\"20\" data-height-tab-portrait=\"\" data-height-mobile-landscape=\"\" style=\"clear:both;display:block;\"><\/div>\n\t<div class=\"wpb_text_column wpb_content_element schwarz\" >\n\t\t<div class=\"wpb_wrapper\">\n\t\t\t<ul>\n<li><strong>Where does the Christmas market take place?<\/strong><br \/>\nDer Erlebnis-Weihnachtsmarkt erstreckt sich \u00fcber die gesamte Ortsmitte von Bad Hindelang: entlang der Marktstra\u00dfe, Poststra\u00dfe sowie rund um das Alte Schloss, das Pfarrheim, das Kurhaus und den Bauernmarkt.<\/li>\n<\/ul>\n\n\t\t<\/div>\n\t<\/div>\n<div class=\"ult-spacer spacer-6a00b515bc4a4\" data-id=\"6a00b515bc4a4\" data-height=\"20\" data-height-mobile=\"20\" data-height-tab=\"20\" data-height-tab-portrait=\"\" data-height-mobile-landscape=\"\" style=\"clear:both;display:block;\"><\/div><div class=\"vc_separator wpb_content_element vc_separator_align_left vc_sep_width_100 vc_sep_pos_align_left vc_sep_color_grey wpb_content_element gold vc_separator-has-text\" ><span class=\"vc_sep_holder vc_sep_holder_l\"><span class=\"vc_sep_line\"><\/span><\/span><h4>Entrance<\/h4><span class=\"vc_sep_holder vc_sep_holder_r\"><span class=\"vc_sep_line\"><\/span><\/span>\n<\/div>\n\t<div class=\"wpb_text_column wpb_content_element schwarz\" >\n\t\t<div class=\"wpb_wrapper\">\n\t\t\t<ul>\n<li><strong>Why does the Christmas market cost an entrance fee?<\/strong><br \/>\nDer Bad Hindelanger Weihnachtsmarkt ist kein typischer Standelmarkt, sondern ein einzigartiger Erlebnis-Weihnachtsmarkt mit vielen inkludierten Angeboten und Programmpunkten.<\/li>\n<li><strong>What does the entrance of \u201eErlebnis-Weihnachtsmarkt\u201c include?<br \/>\nIhr Ticket umfasst:<br \/>\n<\/strong>\u2013 Kostenlose Nutzung aller Pendel- und Linienbusse rund um Bad Hindelang bis Sonthofen, Hinterstein, Oberjoch und Wertach<br \/>\n\u2013 Kostenlose Parkpl\u00e4tze<br \/>\n\u2013 Alle Open-Air-Konzerte vor dem Rathaus, am T\u00fcrmchenmarkt und im Holzscheitdorf<br \/>\n\u2013 Zugang zur Krippen- und Christbaumausstellung<br \/>\n\u2013 Teilnahme an den Kinder-Eventstationen wie Villa Kunterbunt, Kerzenhaus, Engelswerkstatt und Himmelspostamt<br \/>\n\u2013 Zus\u00e4tzliches Kinderprogramm am Kindertag: Karussell, Backen mit Pippi, Kinderschmieden und Kindertheater<br \/>\n\u2013 An Freitagen und Sonntagen: inklusive Besuch des gro\u00dfen Weihnachtsumzugs mit \u00fcber 160 Figuren aus der M\u00e4rchen- und Sagenwelt<\/li>\n<li><strong>What does the entrance cost?<\/strong><br \/>\nYou can find the current entrance prices <a href=\"https:\/\/erlebnis-weihnachtsmarkt.de\/en\/service\/#2\">here<\/a><\/li>\n<li><strong>Where do you get the entrance tickets for the Christmas market?<br \/>\n<\/strong>Tages-Eintrittskarten erhalten Sie online oder direkt an den Tageskassen an den Eing\u00e4ngen zum Markt.<br \/>\nWochenend- und VIP-Tickets k\u00f6nnen Sie ebenfalls online oder im Vorverkauf bei der G\u00e4steinformation Bad Hindelang sowie in der Raiffeisenbank Kempten-Oberallg\u00e4u eG in Bad Hindelang erwerben.<\/li>\n<li><b>Ben\u00f6tige ich mit einer Sonderveranstaltungskarte (z.B. Hirtenadvent, Ostrachtaler Adventsingen) zus\u00e4tzlich ein Ticket f\u00fcr den Erlebnis-Weihnachtsmarkt?<\/b><br \/>\nNein, mit Ihrer Veranstaltungskarte erhalten Sie kostenfreien Eintritt zum Erlebnis-Weihnachtsmarkt. Das Freiticket ist in Ihrer Buchung enthalten.<\/li>\n<li><b>Gibt es Gruppenerm\u00e4\u00dfigungen f\u00fcr Busreisen?<br \/>\n<\/b>Busfahrer und Reiseleiter erhalten freien Eintritt.<\/li>\n<li><b>Haben Menschen mit Behinderung freien Eintritt?<br \/>\n<\/b>Ja, ab einem Grad der Behinderung von 80 % (bitte Ausweis an der Kasse vorlegen).<\/li>\n<li><b>Haben Menschen mit Behinderung freien Eintritt?<br \/>\n<\/b>Ja, ab einem Grad der Behinderung von 80 % (bitte Ausweis an der Kasse vorlegen)<strong><br \/>\n<\/strong><\/li>\n<\/ul>\n\n\t\t<\/div>\n\t<\/div>\n<div class=\"ult-spacer spacer-6a00b515bde75\" data-id=\"6a00b515bde75\" data-height=\"20\" data-height-mobile=\"20\" data-height-tab=\"20\" data-height-tab-portrait=\"\" data-height-mobile-landscape=\"\" style=\"clear:both;display:block;\"><\/div><div class=\"vc_separator wpb_content_element vc_separator_align_left vc_sep_width_100 vc_sep_pos_align_left vc_sep_color_grey wpb_content_element gold vc_separator-has-text\" ><span class=\"vc_sep_holder vc_sep_holder_l\"><span class=\"vc_sep_line\"><\/span><\/span><h4>Sonderveranstaltungen<\/h4><span class=\"vc_sep_holder vc_sep_holder_r\"><span class=\"vc_sep_line\"><\/span><\/span>\n<\/div>\n\t<div class=\"wpb_text_column wpb_content_element schwarz\" >\n\t\t<div class=\"wpb_wrapper\">\n\t\t\t<p><b>Wann startet der Kartenvorverkauf f\u00fcr die Sonderveranstaltungen?<br \/>\n<\/b>Die Tickets f\u00fcr die Sonderveranstaltungen sind ab sofort erh\u00e4ltlich.<span class=\"Apple-converted-space\">\u00a0<\/span><\/p>\n<ul>\n<li><b>Wann finden die Sonderveranstaltungen statt?<\/b><br \/>\nDie genauen Termine und Spielzeiten finden Sie unter dem Men\u00fcpunkt \u201eSpielzeiten und Preise\u201c.<\/li>\n<li><b>Wo kann ich Karten kaufen?<br \/>\n<\/b>Online unter dem Men\u00fcpunkt \u201eTickets\u201c.<br \/>\nTelefonische Buchung unter:<br \/>\n\u2013 Infohotline: +49 8324 9332312<br \/>\n\u2013 Tickethotline: +49 8324 892511<br \/>\nOder pers\u00f6nlich in der Tourist Information Bad Hindelang, Unterer Buigenweg 2, 87541 Bad Hindelang.<br \/>\nTipp: Kurzentschlossene haben mit etwas Gl\u00fcck die M\u00f6glichkeit, Restkarten an der Abendkasse zu erwerben.<\/li>\n<\/ul>\n\n\t\t<\/div>\n\t<\/div>\n<div class=\"ult-spacer spacer-6a00b515bf780\" data-id=\"6a00b515bf780\" data-height=\"20\" data-height-mobile=\"20\" data-height-tab=\"20\" data-height-tab-portrait=\"\" data-height-mobile-landscape=\"\" style=\"clear:both;display:block;\"><\/div><div class=\"vc_separator wpb_content_element vc_separator_align_left vc_sep_width_100 vc_sep_pos_align_left vc_sep_color_grey wpb_content_element gold vc_separator-has-text\" ><span class=\"vc_sep_holder vc_sep_holder_l\"><span class=\"vc_sep_line\"><\/span><\/span><h4>Car parks<\/h4><span class=\"vc_sep_holder vc_sep_holder_r\"><span class=\"vc_sep_line\"><\/span><\/span>\n<\/div>\n\t<div class=\"wpb_text_column wpb_content_element schwarz\" >\n\t\t<div class=\"wpb_wrapper\">\n\t\t\t<ul>\n<li><strong>Where can you park?<\/strong><br \/>\nAlle Parkpl\u00e4tze rund um Bad Hindelang sind gut ausgeschildert. Je nach Witterung k\u00f6nnen alternative Parkfl\u00e4chen zugewiesen werden. Wir empfehlen die Nutzung \u00f6ffentlicher Verkehrsmittel.<\/li>\n<li><b>Wie weit ist der Fu\u00dfweg vom Parkplatz zum Weihnachtsmarkt?<br \/>\n<\/b>In der Regel ca. 10\u201315 Gehminuten. Alle Wege sind beleuchtet. Bei besonderen Witterungsverh\u00e4ltnissen kann der Weg auch etwas weiter sein.<\/li>\n<li><strong>Does the shuttle bus also drive to Sonthofen and the surrounding area?<br \/>\n<\/strong>Ja, w\u00e4hrend des Weihnachtsmarktes sind alle Linien- und Pendelbusse zwischen Sonthofen, Bad Hindelang, Hinterstein, Oberjoch und Wertach f\u00fcr Sie kostenfrei nutzbar.<\/li>\n<li><strong>Where can buses park?<br \/>\n<\/strong>Busse steigen am Busbahnhof Bad Hindelang aus und ein. Anschlie\u00dfend erfolgt die Weiterleitung zum Busparkplatz durch die Feuerwehr.<\/li>\n<\/ul>\n\n\t\t<\/div>\n\t<\/div>\n<div class=\"ult-spacer spacer-6a00b515c0f04\" data-id=\"6a00b515c0f04\" data-height=\"20\" data-height-mobile=\"20\" data-height-tab=\"20\" data-height-tab-portrait=\"\" data-height-mobile-landscape=\"\" style=\"clear:both;display:block;\"><\/div><div class=\"vc_separator wpb_content_element vc_separator_align_left vc_sep_width_100 vc_sep_pos_align_left vc_sep_color_grey wpb_content_element gold vc_separator-has-text\" ><span class=\"vc_sep_holder vc_sep_holder_l\"><span class=\"vc_sep_line\"><\/span><\/span><h4>Unterkunft, Gastronomie und Rahmenprogramm<\/h4><span class=\"vc_sep_holder vc_sep_holder_r\"><span class=\"vc_sep_line\"><\/span><\/span>\n<\/div>\n\t<div class=\"wpb_text_column wpb_content_element schwarz\" >\n\t\t<div class=\"wpb_wrapper\">\n\t\t\t<ul>\n<li><b>Wo finde ich Unterk\u00fcnfte?<\/b><br \/>\nInformationen zu Unterk\u00fcnften erhalten Sie <a href=\"https:\/\/erlebnis-weihnachtsmarkt.de\/en\/gastgeber\/gastgeber-im-ueberblick\/\">here<\/a> oder direkt bei der Tourist Information Bad Hindelang unter Tel. 08324 8920.<\/li>\n<li><b>Welche Restaurants und Gastst\u00e4tten haben ge\u00f6ffnet?<\/b><br \/>\nDie aktuelle Gastronomieliste erhalten Sie ebenfalls bei der Tourist Information Bad Hindelang.<\/li>\n<li><b>Gibt es ein erg\u00e4nzendes Rahmenprogramm au\u00dferhalb des Marktes?<\/b><br \/>\nJa, die Tourist Information ber\u00e4t Sie gerne pers\u00f6nlich und stellt Ihnen passendes Infomaterial zusammen.<\/li>\n<\/ul>\n\n\t\t<\/div>\n\t<\/div>\n<div class=\"ult-spacer spacer-6a00b515c256a\" data-id=\"6a00b515c256a\" data-height=\"20\" data-height-mobile=\"20\" data-height-tab=\"20\" data-height-tab-portrait=\"\" data-height-mobile-landscape=\"\" style=\"clear:both;display:block;\"><\/div><div class=\"vc_separator wpb_content_element vc_separator_align_left vc_sep_width_100 vc_sep_pos_align_left vc_sep_color_grey wpb_content_element gold vc_separator-has-text\" ><span class=\"vc_sep_holder vc_sep_holder_l\"><span class=\"vc_sep_line\"><\/span><\/span><h4>Toilets<\/h4><span class=\"vc_sep_holder vc_sep_holder_r\"><span class=\"vc_sep_line\"><\/span><\/span>\n<\/div>\n\t<div class=\"wpb_text_column wpb_content_element schwarz\" >\n\t\t<div class=\"wpb_wrapper\">\n\t\t\t<ul>\n<li><b>Wo finde ich \u00f6ffentliche Toiletten (auch barrierefrei)?<\/b><br \/>\nBarrierefreie WCs finden Sie am Busbahnhof, im Kurhaus und im Pfarrheim (Ortsmitte).<\/li>\n<\/ul>\n\n\t\t<\/div>\n\t<\/div>\n<div class=\"ult-spacer spacer-6a00b515c3c58\" data-id=\"6a00b515c3c58\" data-height=\"20\" data-height-mobile=\"20\" data-height-tab=\"20\" data-height-tab-portrait=\"\" data-height-mobile-landscape=\"\" style=\"clear:both;display:block;\"><\/div><div class=\"vc_separator wpb_content_element vc_separator_align_left vc_sep_width_100 vc_sep_pos_align_left vc_sep_color_grey wpb_content_element gold vc_separator-has-text\" ><span class=\"vc_sep_holder vc_sep_holder_l\"><span class=\"vc_sep_line\"><\/span><\/span><h4>Lost property office<\/h4><span class=\"vc_sep_holder vc_sep_holder_r\"><span class=\"vc_sep_line\"><\/span><\/span>\n<\/div>\n\t<div class=\"wpb_text_column wpb_content_element schwarz\" >\n\t\t<div class=\"wpb_wrapper\">\n\t\t\t<ul>\n<li><b>Wohin wende ich mich, wenn ich etwas verloren oder gefunden habe?<\/b><br \/>\nBitte melden Sie sich beim Fundb\u00fcro in der Funk-Einsatzzentrale im 1. Stock des Rathauses.<br \/>\nTelefon: 08324 892384<\/li>\n<\/ul>\n\n\t\t<\/div>\n\t<\/div>\n<div class=\"ult-spacer spacer-6a00b515c54d9\" data-id=\"6a00b515c54d9\" data-height=\"20\" data-height-mobile=\"20\" data-height-tab=\"20\" data-height-tab-portrait=\"\" data-height-mobile-landscape=\"\" style=\"clear:both;display:block;\"><\/div><div class=\"vc_separator wpb_content_element vc_separator_align_left vc_sep_width_100 vc_sep_pos_align_left vc_sep_color_grey wpb_content_element gold vc_separator-has-text\" ><span class=\"vc_sep_holder vc_sep_holder_l\"><span class=\"vc_sep_line\"><\/span><\/span><h4>First aid<\/h4><span class=\"vc_sep_holder vc_sep_holder_r\"><span class=\"vc_sep_line\"><\/span><\/span>\n<\/div>\n\t<div class=\"wpb_text_column wpb_content_element schwarz\" >\n\t\t<div class=\"wpb_wrapper\">\n\t\t\t<ul>\n<li><strong>Wo <\/strong><b><b>bekomme ich bei Bedarf Erste Hilfe?<\/b><\/b>&nbsp;\n<p>&#8211; Rettungsleitstelle: Notruf 112<br \/>\n\u2013 Patient transport, phone number +49 831 19222<br \/>\n\u2013 Central radio station, first floor of the town hall<br \/>\n&#8211; Standpersonal in den H\u00fctten\u00a0hilft Ihnen ebenfalls gerne weiter.<\/li>\n<\/ul>\n\n\t\t<\/div>\n\t<\/div>\n<div class=\"ult-spacer spacer-6a00b515c6e62\" data-id=\"6a00b515c6e62\" data-height=\"20\" data-height-mobile=\"20\" data-height-tab=\"20\" data-height-tab-portrait=\"\" data-height-mobile-landscape=\"\" style=\"clear:both;display:block;\"><\/div><\/div><\/div><\/div><\/div><div class=\"vc_row-full-width vc_clearfix\"><\/div><\/section><div class=\"vc_row-full-width vc_clearfix\"><\/div>\n<\/div>","protected":false},"excerpt":{"rendered":"H\u00e4ufig gestellte FragenDer Erlebnis-Weihnachtsmarkt Bad Hindelang Wo findet der Weihnachtsmarkt statt? Der Erlebnis-Weihnachtsmarkt erstreckt sich \u00fcber die gesamte Ortsmitte von Bad Hindelang: entlang der Marktstra\u00dfe, Poststra\u00dfe sowie rund um das Alte Schloss, das Pfarrheim, das Kurhaus und den Bauernmarkt. Eintritt Warum kostet der Weihnachtsmarkt Eintritt? Der Bad Hindelanger Weihnachtsmarkt ist kein typischer Standelmarkt, sondern ein [...]","protected":false},"author":2,"featured_media":0,"parent":0,"menu_order":0,"comment_status":"closed","ping_status":"closed","template":"","meta":{"_acf_changed":false,"footnotes":""},"class_list":["post-4085","page","type-page","status-publish","hentry"],"acf":[],"yoast_head":"<!-- This site is optimized with the Yoast SEO plugin v27.4 - https:\/\/yoast.com\/product\/yoast-seo-wordpress\/ -->\n<title>H\u00e4ufig gestellte Fragen - Erlebnis-Weihnachtsmarkt<\/title>\n<meta name=\"robots\" content=\"index, follow, max-snippet:-1, max-image-preview:large, max-video-preview:-1\" \/>\n<link rel=\"canonical\" href=\"https:\/\/erlebnis-weihnachtsmarkt.de\/en\/haeufig-gestellte-fragen\/\" \/>\n<meta property=\"og:locale\" content=\"en_GB\" \/>\n<meta property=\"og:type\" content=\"article\" \/>\n<meta property=\"og:title\" content=\"H\u00e4ufig gestellte Fragen - Erlebnis-Weihnachtsmarkt\" \/>\n<meta property=\"og:url\" content=\"https:\/\/erlebnis-weihnachtsmarkt.de\/en\/haeufig-gestellte-fragen\/\" \/>\n<meta property=\"og:site_name\" content=\"Erlebnis-Weihnachtsmarkt\" \/>\n<meta property=\"article:modified_time\" content=\"2025-07-03T15:04:16+00:00\" \/>\n<meta name=\"twitter:card\" content=\"summary_large_image\" \/>\n<meta name=\"twitter:label1\" content=\"Estimated reading time\" \/>\n\t<meta name=\"twitter:data1\" content=\"4 minutes\" \/>\n<script type=\"application\/ld+json\" class=\"yoast-schema-graph\">{\"@context\":\"https:\\\/\\\/schema.org\",\"@graph\":[{\"@type\":\"WebPage\",\"@id\":\"https:\\\/\\\/erlebnis-weihnachtsmarkt.de\\\/haeufig-gestellte-fragen\\\/\",\"url\":\"https:\\\/\\\/erlebnis-weihnachtsmarkt.de\\\/haeufig-gestellte-fragen\\\/\",\"name\":\"H\u00e4ufig gestellte Fragen - Erlebnis-Weihnachtsmarkt\",\"isPartOf\":{\"@id\":\"https:\\\/\\\/erlebnis-weihnachtsmarkt.de\\\/#website\"},\"datePublished\":\"2022-03-04T14:30:48+00:00\",\"dateModified\":\"2025-07-03T15:04:16+00:00\",\"breadcrumb\":{\"@id\":\"https:\\\/\\\/erlebnis-weihnachtsmarkt.de\\\/haeufig-gestellte-fragen\\\/#breadcrumb\"},\"inLanguage\":\"en-GB\",\"potentialAction\":[{\"@type\":\"ReadAction\",\"target\":[\"https:\\\/\\\/erlebnis-weihnachtsmarkt.de\\\/haeufig-gestellte-fragen\\\/\"]}]},{\"@type\":\"BreadcrumbList\",\"@id\":\"https:\\\/\\\/erlebnis-weihnachtsmarkt.de\\\/haeufig-gestellte-fragen\\\/#breadcrumb\",\"itemListElement\":[{\"@type\":\"ListItem\",\"position\":1,\"name\":\"Startseite\",\"item\":\"https:\\\/\\\/erlebnis-weihnachtsmarkt.de\\\/\"},{\"@type\":\"ListItem\",\"position\":2,\"name\":\"H\u00e4ufig gestellte Fragen\"}]},{\"@type\":\"WebSite\",\"@id\":\"https:\\\/\\\/erlebnis-weihnachtsmarkt.de\\\/#website\",\"url\":\"https:\\\/\\\/erlebnis-weihnachtsmarkt.de\\\/\",\"name\":\"Erlebnis-Weihnachtsmarkt\",\"description\":\"Bad Hindelang\",\"potentialAction\":[{\"@type\":\"SearchAction\",\"target\":{\"@type\":\"EntryPoint\",\"urlTemplate\":\"https:\\\/\\\/erlebnis-weihnachtsmarkt.de\\\/?s={search_term_string}\"},\"query-input\":{\"@type\":\"PropertyValueSpecification\",\"valueRequired\":true,\"valueName\":\"search_term_string\"}}],\"inLanguage\":\"en-GB\"}]}<\/script>\n<!-- \/ Yoast SEO plugin. -->","yoast_head_json":{"title":"H\u00e4ufig gestellte Fragen - Erlebnis-Weihnachtsmarkt","robots":{"index":"index","follow":"follow","max-snippet":"max-snippet:-1","max-image-preview":"max-image-preview:large","max-video-preview":"max-video-preview:-1"},"canonical":"https:\/\/erlebnis-weihnachtsmarkt.de\/en\/haeufig-gestellte-fragen\/","og_locale":"en_GB","og_type":"article","og_title":"H\u00e4ufig gestellte Fragen - Erlebnis-Weihnachtsmarkt","og_url":"https:\/\/erlebnis-weihnachtsmarkt.de\/en\/haeufig-gestellte-fragen\/","og_site_name":"Erlebnis-Weihnachtsmarkt","article_modified_time":"2025-07-03T15:04:16+00:00","twitter_card":"summary_large_image","twitter_misc":{"Estimated reading time":"4 minutes"},"schema":{"@context":"https:\/\/schema.org","@graph":[{"@type":"WebPage","@id":"https:\/\/erlebnis-weihnachtsmarkt.de\/haeufig-gestellte-fragen\/","url":"https:\/\/erlebnis-weihnachtsmarkt.de\/haeufig-gestellte-fragen\/","name":"H\u00e4ufig gestellte Fragen - Erlebnis-Weihnachtsmarkt","isPartOf":{"@id":"https:\/\/erlebnis-weihnachtsmarkt.de\/#website"},"datePublished":"2022-03-04T14:30:48+00:00","dateModified":"2025-07-03T15:04:16+00:00","breadcrumb":{"@id":"https:\/\/erlebnis-weihnachtsmarkt.de\/haeufig-gestellte-fragen\/#breadcrumb"},"inLanguage":"en-GB","potentialAction":[{"@type":"ReadAction","target":["https:\/\/erlebnis-weihnachtsmarkt.de\/haeufig-gestellte-fragen\/"]}]},{"@type":"BreadcrumbList","@id":"https:\/\/erlebnis-weihnachtsmarkt.de\/haeufig-gestellte-fragen\/#breadcrumb","itemListElement":[{"@type":"ListItem","position":1,"name":"Startseite","item":"https:\/\/erlebnis-weihnachtsmarkt.de\/"},{"@type":"ListItem","position":2,"name":"H\u00e4ufig gestellte Fragen"}]},{"@type":"WebSite","@id":"https:\/\/erlebnis-weihnachtsmarkt.de\/#website","url":"https:\/\/erlebnis-weihnachtsmarkt.de\/","name":"event-Christmas market","description":"Bad Hindelang","potentialAction":[{"@type":"SearchAction","target":{"@type":"EntryPoint","urlTemplate":"https:\/\/erlebnis-weihnachtsmarkt.de\/?s={search_term_string}"},"query-input":{"@type":"PropertyValueSpecification","valueRequired":true,"valueName":"search_term_string"}}],"inLanguage":"en-GB"}]}},"_links":{"self":[{"href":"https:\/\/erlebnis-weihnachtsmarkt.de\/en\/wp-json\/wp\/v2\/pages\/4085","targetHints":{"allow":["GET"]}}],"collection":[{"href":"https:\/\/erlebnis-weihnachtsmarkt.de\/en\/wp-json\/wp\/v2\/pages"}],"about":[{"href":"https:\/\/erlebnis-weihnachtsmarkt.de\/en\/wp-json\/wp\/v2\/types\/page"}],"author":[{"embeddable":true,"href":"https:\/\/erlebnis-weihnachtsmarkt.de\/en\/wp-json\/wp\/v2\/users\/2"}],"replies":[{"embeddable":true,"href":"https:\/\/erlebnis-weihnachtsmarkt.de\/en\/wp-json\/wp\/v2\/comments?post=4085"}],"version-history":[{"count":34,"href":"https:\/\/erlebnis-weihnachtsmarkt.de\/en\/wp-json\/wp\/v2\/pages\/4085\/revisions"}],"predecessor-version":[{"id":5875,"href":"https:\/\/erlebnis-weihnachtsmarkt.de\/en\/wp-json\/wp\/v2\/pages\/4085\/revisions\/5875"}],"wp:attachment":[{"href":"https:\/\/erlebnis-weihnachtsmarkt.de\/en\/wp-json\/wp\/v2\/media?parent=4085"}],"curies":[{"name":"wp","href":"https:\/\/api.w.org\/{rel}","templated":true}]}}