{"id":2198,"date":"2021-10-28T14:36:49","date_gmt":"2021-10-28T12:36:49","guid":{"rendered":"https:\/\/erlebnis-weihnachtsmarkt.de\/?page_id=2198"},"modified":"2022-03-30T20:06:35","modified_gmt":"2022-03-30T18:06:35","slug":"e-mail-datenschutz","status":"publish","type":"page","link":"https:\/\/erlebnis-weihnachtsmarkt.de\/en\/e-mail-datenschutz\/","title":{"rendered":"E-Mail data privacy"},"content":{"rendered":"<div class=\"wpb-content-wrapper\"><section data-vc-full-width=\"true\" data-vc-full-width-init=\"false\" class=\"vc_section teaser400 bg-blau vc_section-o-content-bottom vc_section-flex\"><div class=\"vc_row wpb_row vc_row-fluid vc_row-o-content-middle vc_row-flex bbhd-overflow\"><div class=\"wpb_column vc_column_container vc_col-sm-12\"><div class=\"vc_column-inner\"><div class=\"wpb_wrapper\"><h4 style=\"text-align: center\" class=\"vc_custom_heading vc_do_custom_heading weiss claim wpb_animate_when_almost_visible wpb_fadeInUp fadeInUp\" >E-Mail Data Privacy<\/h4><div class=\"vc_empty_space\"   style=\"height: 32px\"><span class=\"vc_empty_space_inner\"><\/span><\/div><\/div><\/div><\/div><\/div><\/section><div class=\"vc_row-full-width vc_clearfix\"><\/div><section data-vc-full-width=\"true\" data-vc-full-width-init=\"false\" class=\"vc_section bg-weiss vc_row-o-full-height vc_section-o-content-middle vc_section-flex\"><div data-vc-full-width=\"true\" data-vc-full-width-init=\"false\" class=\"vc_row wpb_row vc_row-fluid bbhd-overflow\"><div class=\"wpb_column vc_column_container vc_col-sm-2\"><div class=\"vc_column-inner\"><div class=\"wpb_wrapper\"><\/div><\/div><\/div><div class=\"wpb_column vc_column_container vc_col-sm-8\"><div class=\"vc_column-inner\"><div class=\"wpb_wrapper\"><div class=\"ult-spacer spacer-69e0566e2bfef\" data-id=\"69e0566e2bfef\" data-height=\"80\" data-height-mobile=\"80\" data-height-tab=\"80\" data-height-tab-portrait=\"\" data-height-mobile-landscape=\"\" style=\"clear:both;display:block;\"><\/div>\n\t<div class=\"wpb_text_column wpb_content_element schwarz\" >\n\t\t<div class=\"wpb_wrapper\">\n\t\t\t<p style=\"text-align: left;\"><strong>Information Provided as Mandated by Article 13 GDPR<\/strong><br \/>\nIf this is your first interaction with us, Art. 12, 13 GDPR mandates that we make available to you the following mandatory data protection related information: If you are contacting us via e-mail, we will process your personal data only if we have a legitimate interest in the processing of this data (Art. 6(1)(f) GDPR), if you have consented to the processing of your data (Art. 6(1)(a) GDPR), if the processing of the data is\nrequired for the development, establishment, content or modification of a legal relationship between you and our company (Art. 6(1)(b) GDPR) or if any other legal provision permits the processing of this data. Your personal data will remain in our possession until you ask us to delete the data or you revoke your consent to\nstore the data or if the purpose the data stored is required for no longer exists (e.g., once your request has been conclusively processed). This shall be without prejudice to any compelling statutory provisions \u2013 in particular tax and commercial law based retention periods. You have the right to at any time receive free\ninformation concerning the origins, recipients and purpose of your data archived by us. You also have a right to object, to data portability and a right to log a complaint with the competent supervisory agency. Moreover, you can demand the correction, eradication and, under certain circumstances, the restriction of\nthe processing of your personal data. For more details, please consult our <a href=\"https:\/\/erlebnis-weihnachtsmarkt.de\/en\/datenschutzerklaerung\/\">Data Privacy<\/a>.<\/p>\n\n\t\t<\/div>\n\t<\/div>\n<\/div><\/div><\/div><div class=\"wpb_column vc_column_container vc_col-sm-2\"><div class=\"vc_column-inner\"><div class=\"wpb_wrapper\"><\/div><\/div><\/div><\/div><div class=\"vc_row-full-width vc_clearfix\"><\/div><\/section><div class=\"vc_row-full-width vc_clearfix\"><\/div>\n<\/div>","protected":false},"excerpt":{"rendered":"E-Mail Datenschutzerkl\u00e4rung Pflichtinformationen gem\u00e4\u00df Artikel 13 DSGVO Im Falle des Erstkontakts sind wir gem\u00e4\u00df Art. 12, 13 DSGVO verpflichtet, Ihnen folgende datenschutzrechtliche Pflichtinformationen zur Verf\u00fcgung zu stellen: Wenn Sie uns per E-Mail kontaktieren, verarbeiten wir Ihre personenbezogenen Daten nur, soweit an der Verarbeitung ein berechtigtes Interesse besteht (Art. 6 Abs. 1 lit. f DSGVO), Sie [...]","protected":false},"author":2,"featured_media":0,"parent":0,"menu_order":0,"comment_status":"closed","ping_status":"closed","template":"","meta":{"_acf_changed":false,"footnotes":""},"class_list":["post-2198","page","type-page","status-publish","hentry"],"acf":[],"yoast_head":"<!-- This site is optimized with the Yoast SEO plugin v22.8 - https:\/\/yoast.com\/wordpress\/plugins\/seo\/ -->\n<title>E-Mail-Datenschutz - Erlebnis-Weihnachtsmarkt<\/title>\n<meta name=\"robots\" content=\"index, follow, max-snippet:-1, max-image-preview:large, max-video-preview:-1\" \/>\n<link rel=\"canonical\" href=\"https:\/\/erlebnis-weihnachtsmarkt.de\/en\/e-mail-datenschutz\/\" \/>\n<meta property=\"og:locale\" content=\"en_GB\" \/>\n<meta property=\"og:type\" content=\"article\" \/>\n<meta property=\"og:title\" content=\"E-Mail-Datenschutz - Erlebnis-Weihnachtsmarkt\" \/>\n<meta property=\"og:url\" content=\"https:\/\/erlebnis-weihnachtsmarkt.de\/en\/e-mail-datenschutz\/\" \/>\n<meta property=\"og:site_name\" content=\"Erlebnis-Weihnachtsmarkt\" \/>\n<meta property=\"article:modified_time\" content=\"2022-03-30T18:06:35+00:00\" \/>\n<meta name=\"twitter:card\" content=\"summary_large_image\" \/>\n<meta name=\"twitter:label1\" content=\"Estimated reading time\" \/>\n\t<meta name=\"twitter:data1\" content=\"2 minutes\" \/>\n<script type=\"application\/ld+json\" class=\"yoast-schema-graph\">{\"@context\":\"https:\/\/schema.org\",\"@graph\":[{\"@type\":\"WebPage\",\"@id\":\"https:\/\/erlebnis-weihnachtsmarkt.de\/e-mail-datenschutz\/\",\"url\":\"https:\/\/erlebnis-weihnachtsmarkt.de\/e-mail-datenschutz\/\",\"name\":\"E-Mail-Datenschutz - Erlebnis-Weihnachtsmarkt\",\"isPartOf\":{\"@id\":\"https:\/\/erlebnis-weihnachtsmarkt.de\/#website\"},\"datePublished\":\"2021-10-28T12:36:49+00:00\",\"dateModified\":\"2022-03-30T18:06:35+00:00\",\"breadcrumb\":{\"@id\":\"https:\/\/erlebnis-weihnachtsmarkt.de\/e-mail-datenschutz\/#breadcrumb\"},\"inLanguage\":\"en-GB\",\"potentialAction\":[{\"@type\":\"ReadAction\",\"target\":[\"https:\/\/erlebnis-weihnachtsmarkt.de\/e-mail-datenschutz\/\"]}]},{\"@type\":\"BreadcrumbList\",\"@id\":\"https:\/\/erlebnis-weihnachtsmarkt.de\/e-mail-datenschutz\/#breadcrumb\",\"itemListElement\":[{\"@type\":\"ListItem\",\"position\":1,\"name\":\"Startseite\",\"item\":\"https:\/\/erlebnis-weihnachtsmarkt.de\/\"},{\"@type\":\"ListItem\",\"position\":2,\"name\":\"E-Mail-Datenschutz\"}]},{\"@type\":\"WebSite\",\"@id\":\"https:\/\/erlebnis-weihnachtsmarkt.de\/#website\",\"url\":\"https:\/\/erlebnis-weihnachtsmarkt.de\/\",\"name\":\"Erlebnis-Weihnachtsmarkt\",\"description\":\"Bad Hindelang\",\"potentialAction\":[{\"@type\":\"SearchAction\",\"target\":{\"@type\":\"EntryPoint\",\"urlTemplate\":\"https:\/\/erlebnis-weihnachtsmarkt.de\/?s={search_term_string}\"},\"query-input\":\"required name=search_term_string\"}],\"inLanguage\":\"en-GB\"}]}<\/script>\n<!-- \/ Yoast SEO plugin. -->","yoast_head_json":{"title":"E-Mail-Datenschutz - Erlebnis-Weihnachtsmarkt","robots":{"index":"index","follow":"follow","max-snippet":"max-snippet:-1","max-image-preview":"max-image-preview:large","max-video-preview":"max-video-preview:-1"},"canonical":"https:\/\/erlebnis-weihnachtsmarkt.de\/en\/e-mail-datenschutz\/","og_locale":"en_GB","og_type":"article","og_title":"E-Mail-Datenschutz - Erlebnis-Weihnachtsmarkt","og_url":"https:\/\/erlebnis-weihnachtsmarkt.de\/en\/e-mail-datenschutz\/","og_site_name":"Erlebnis-Weihnachtsmarkt","article_modified_time":"2022-03-30T18:06:35+00:00","twitter_card":"summary_large_image","twitter_misc":{"Estimated reading time":"2 minutes"},"schema":{"@context":"https:\/\/schema.org","@graph":[{"@type":"WebPage","@id":"https:\/\/erlebnis-weihnachtsmarkt.de\/e-mail-datenschutz\/","url":"https:\/\/erlebnis-weihnachtsmarkt.de\/e-mail-datenschutz\/","name":"E-Mail-Datenschutz - Erlebnis-Weihnachtsmarkt","isPartOf":{"@id":"https:\/\/erlebnis-weihnachtsmarkt.de\/#website"},"datePublished":"2021-10-28T12:36:49+00:00","dateModified":"2022-03-30T18:06:35+00:00","breadcrumb":{"@id":"https:\/\/erlebnis-weihnachtsmarkt.de\/e-mail-datenschutz\/#breadcrumb"},"inLanguage":"en-GB","potentialAction":[{"@type":"ReadAction","target":["https:\/\/erlebnis-weihnachtsmarkt.de\/e-mail-datenschutz\/"]}]},{"@type":"BreadcrumbList","@id":"https:\/\/erlebnis-weihnachtsmarkt.de\/e-mail-datenschutz\/#breadcrumb","itemListElement":[{"@type":"ListItem","position":1,"name":"Startseite","item":"https:\/\/erlebnis-weihnachtsmarkt.de\/"},{"@type":"ListItem","position":2,"name":"E-Mail-Datenschutz"}]},{"@type":"WebSite","@id":"https:\/\/erlebnis-weihnachtsmarkt.de\/#website","url":"https:\/\/erlebnis-weihnachtsmarkt.de\/","name":"Erlebnis-Weihnachtsmarkt","description":"Bad Hindelang","potentialAction":[{"@type":"SearchAction","target":{"@type":"EntryPoint","urlTemplate":"https:\/\/erlebnis-weihnachtsmarkt.de\/?s={search_term_string}"},"query-input":"required name=search_term_string"}],"inLanguage":"en-GB"}]}},"_links":{"self":[{"href":"https:\/\/erlebnis-weihnachtsmarkt.de\/en\/wp-json\/wp\/v2\/pages\/2198","targetHints":{"allow":["GET"]}}],"collection":[{"href":"https:\/\/erlebnis-weihnachtsmarkt.de\/en\/wp-json\/wp\/v2\/pages"}],"about":[{"href":"https:\/\/erlebnis-weihnachtsmarkt.de\/en\/wp-json\/wp\/v2\/types\/page"}],"author":[{"embeddable":true,"href":"https:\/\/erlebnis-weihnachtsmarkt.de\/en\/wp-json\/wp\/v2\/users\/2"}],"replies":[{"embeddable":true,"href":"https:\/\/erlebnis-weihnachtsmarkt.de\/en\/wp-json\/wp\/v2\/comments?post=2198"}],"version-history":[{"count":9,"href":"https:\/\/erlebnis-weihnachtsmarkt.de\/en\/wp-json\/wp\/v2\/pages\/2198\/revisions"}],"predecessor-version":[{"id":4752,"href":"https:\/\/erlebnis-weihnachtsmarkt.de\/en\/wp-json\/wp\/v2\/pages\/2198\/revisions\/4752"}],"wp:attachment":[{"href":"https:\/\/erlebnis-weihnachtsmarkt.de\/en\/wp-json\/wp\/v2\/media?parent=2198"}],"curies":[{"name":"wp","href":"https:\/\/api.w.org\/{rel}","templated":true}]}}